{"id":56,"date":"2023-02-01T10:30:36","date_gmt":"2023-02-01T10:30:36","guid":{"rendered":"https:\/\/andreacatelli.it\/?page_id=56"},"modified":"2026-03-11T09:13:30","modified_gmt":"2026-03-11T09:13:30","slug":"temporary-manager","status":"publish","type":"page","link":"https:\/\/andreacatelli.it\/?page_id=56","title":{"rendered":"Supporto alla leadership e al management"},"content":{"rendered":"<p>Un manager porta una competenza specifica, ha strumenti propri del ruolo e una attenzione alla impostazione dei processi che ha sviluppato in modo analitico ma soprattutto \u00e8 un esperto nella gestione della complessit\u00e0, della comunicazione e delle relazioni.<\/p>\n<p>La figura manageriale deve, nella propria organizzazione, aiutare a comprendere la situazione in cui ci si trova ed offrire chiavi interpretative del presente in una prospettiva evolutiva considerando il contesto economico, sociale, fiscale, di mercato.<\/p>\n<p>Sa valorizzare le risorse umane dell\u2019organizzazione, motiva e stimola. Sa comunicare in modo efficace sia con altre figure apicali che con gli altri livelli dell\u2019organizzazione e con la clientela. Sa comprendere il contesto, adottare il giusto registro comunicativo, rappresentare la propria posizione e le proprie idee.<\/p>\n<p>Sovente accade che le dinamiche interne non permettono un clima collaborativo e produttivo. Altre volte ancora emergono problemi economici di cui non \u00e8 immediato comprendere le cause o non si riesce a sviluppare una strategia per affrontarle in tempi brevi.<\/p>\n<p>Lavoro molto sul prendere consapevolezza del ruolo e sulla visione di se stessi e di come quest\u2019ultima si rifletta in tutte le direzioni. Anche dalla qualit\u00e0 delle relazioni interne alla organizzazione e dal clima produttivo e collaborativo che occorre favorire, discende una maggiore o minore efficacia delle azioni che si intraprendono.<\/p>\n<p>Il supporto alla leadership inoltre permette di supportare quest\u2019ultima nella autoanalisi rispetto alla visione di se stessi in rapporto agli altri collaboratori che, unilateralmente, \u00e8 molto difficile se non impossibile.<\/p>\n<p>Una visione esterna, specializzata e competente, aiuta e sostiene un percorso di costante focalizzazione sugli elementi sostanziali a cui far risalire quanto sta accadendo, a definire con chiarezza gli obiettivi ed i risultati attesi, a introdurre le strategie per il perseguimento degli stessi, a monitorare l\u2019evoluzione della situazione e l\u2019efficacia delle azioni intraprese e a valutare eventuali correttivi.<\/p>\n<p>Questa esigenza di supporto diventa addirittura pressante all\u2019inserimento in organico di figure che devono fare esperienza perch\u00e9 giovani o perch\u00e9 provenienti da altri settori dell\u2019organizzazione. Soprattutto nelle organizzazioni medio-piccole, dove si preferisce valorizzare personale gi\u00e0 presente che abbia dimostrato capacit\u00e0 e disponibilit\u00e0 anche quando privo di solida esperienza manageriale.<\/p>\n<p>Attraverso la metodologia learning by doing \u00e8 possibile sviluppare nuove competenze agendo sotto la guida di un occhio esterno competente, che restituisca costantemente una lettura critica, costruendo consapevolezza con il manager rispetto a se e al proprio ruolo nello sviluppo delle strategie necessarie all\u2019organizzazione.<\/p>\n<p>&nbsp;<\/p>\n<p>\u201c<strong><span style=\"color: #000080;\"><em>Il pi\u00f9 grande spreco nel mondo \u00e8 la differenza tra ci\u00f2 che siamo e ci\u00f2 che potremmo diventare<\/em><\/span><\/strong>\u201d Ben Herbster<\/p>\n","protected":false},"excerpt":{"rendered":"<p>Un manager porta una competenza specifica, ha strumenti propri del ruolo e una attenzione alla impostazione dei processi che ha sviluppato in modo analitico ma soprattutto \u00e8 un esperto nella gestione della complessit\u00e0, della comunicazione e delle relazioni. La figura manageriale deve, nella propria organizzazione, aiutare a comprendere la situazione in cui ci si trova &hellip; <\/p>\n<p class=\"link-more\"><a href=\"https:\/\/andreacatelli.it\/?page_id=56\" class=\"more-link\">Leggi tutto<span class=\"screen-reader-text\"> &#8220;Supporto alla leadership e al management&#8221;<\/span><\/a><\/p>\n","protected":false},"author":1,"featured_media":0,"parent":0,"menu_order":0,"comment_status":"closed","ping_status":"closed","template":"","meta":{"footnotes":""},"class_list":["post-56","page","type-page","status-publish","hentry"],"yoast_head":"<!-- This site is optimized with the Yoast SEO plugin v20.2.1 - https:\/\/yoast.com\/wordpress\/plugins\/seo\/ -->\n<title>Supporto alla leadership e al management - Coaching, formazione, consulenza<\/title>\n<meta name=\"robots\" content=\"index, follow, max-snippet:-1, max-image-preview:large, max-video-preview:-1\" \/>\n<link rel=\"canonical\" href=\"https:\/\/andreacatelli.it\/?page_id=56\" \/>\n<meta property=\"og:locale\" content=\"it_IT\" \/>\n<meta property=\"og:type\" content=\"article\" \/>\n<meta property=\"og:title\" content=\"Supporto alla leadership e al management - Coaching, formazione, consulenza\" \/>\n<meta property=\"og:description\" content=\"Un manager porta una competenza specifica, ha strumenti propri del ruolo e una attenzione alla impostazione dei processi che ha sviluppato in modo analitico ma soprattutto \u00e8 un esperto nella gestione della complessit\u00e0, della comunicazione e delle relazioni. La figura manageriale deve, nella propria organizzazione, aiutare a comprendere la situazione in cui ci si trova &hellip; Leggi tutto &quot;Supporto alla leadership e al management&quot;\" \/>\n<meta property=\"og:url\" content=\"https:\/\/andreacatelli.it\/?page_id=56\" \/>\n<meta property=\"og:site_name\" content=\"Coaching, formazione, consulenza\" \/>\n<meta property=\"article:modified_time\" content=\"2026-03-11T09:13:30+00:00\" \/>\n<meta name=\"twitter:card\" content=\"summary_large_image\" \/>\n<meta name=\"twitter:label1\" content=\"Tempo di lettura stimato\" \/>\n\t<meta name=\"twitter:data1\" content=\"3 minuti\" \/>\n<script type=\"application\/ld+json\" class=\"yoast-schema-graph\">{\"@context\":\"https:\/\/schema.org\",\"@graph\":[{\"@type\":\"WebPage\",\"@id\":\"https:\/\/andreacatelli.it\/?page_id=56\",\"url\":\"https:\/\/andreacatelli.it\/?page_id=56\",\"name\":\"Supporto alla leadership e al management - Coaching, formazione, consulenza\",\"isPartOf\":{\"@id\":\"https:\/\/andreacatelli.it\/#website\"},\"datePublished\":\"2023-02-01T10:30:36+00:00\",\"dateModified\":\"2026-03-11T09:13:30+00:00\",\"breadcrumb\":{\"@id\":\"https:\/\/andreacatelli.it\/?page_id=56#breadcrumb\"},\"inLanguage\":\"it-IT\",\"potentialAction\":[{\"@type\":\"ReadAction\",\"target\":[\"https:\/\/andreacatelli.it\/?page_id=56\"]}]},{\"@type\":\"BreadcrumbList\",\"@id\":\"https:\/\/andreacatelli.it\/?page_id=56#breadcrumb\",\"itemListElement\":[{\"@type\":\"ListItem\",\"position\":1,\"name\":\"Home\",\"item\":\"https:\/\/andreacatelli.it\/\"},{\"@type\":\"ListItem\",\"position\":2,\"name\":\"Supporto alla leadership e al management\"}]},{\"@type\":\"WebSite\",\"@id\":\"https:\/\/andreacatelli.it\/#website\",\"url\":\"https:\/\/andreacatelli.it\/\",\"name\":\"Coaching, formazione, consulenza\",\"description\":\"Sviluppa il tuo talento e le potenzialit\u00e0 della tua organizzazione\",\"potentialAction\":[{\"@type\":\"SearchAction\",\"target\":{\"@type\":\"EntryPoint\",\"urlTemplate\":\"https:\/\/andreacatelli.it\/?s={search_term_string}\"},\"query-input\":\"required name=search_term_string\"}],\"inLanguage\":\"it-IT\"}]}<\/script>\n<!-- \/ Yoast SEO plugin. -->","yoast_head_json":{"title":"Supporto alla leadership e al management - Coaching, formazione, consulenza","robots":{"index":"index","follow":"follow","max-snippet":"max-snippet:-1","max-image-preview":"max-image-preview:large","max-video-preview":"max-video-preview:-1"},"canonical":"https:\/\/andreacatelli.it\/?page_id=56","og_locale":"it_IT","og_type":"article","og_title":"Supporto alla leadership e al management - Coaching, formazione, consulenza","og_description":"Un manager porta una competenza specifica, ha strumenti propri del ruolo e una attenzione alla impostazione dei processi che ha sviluppato in modo analitico ma soprattutto \u00e8 un esperto nella gestione della complessit\u00e0, della comunicazione e delle relazioni. La figura manageriale deve, nella propria organizzazione, aiutare a comprendere la situazione in cui ci si trova &hellip; Leggi tutto \"Supporto alla leadership e al management\"","og_url":"https:\/\/andreacatelli.it\/?page_id=56","og_site_name":"Coaching, formazione, consulenza","article_modified_time":"2026-03-11T09:13:30+00:00","twitter_card":"summary_large_image","twitter_misc":{"Tempo di lettura stimato":"3 minuti"},"schema":{"@context":"https:\/\/schema.org","@graph":[{"@type":"WebPage","@id":"https:\/\/andreacatelli.it\/?page_id=56","url":"https:\/\/andreacatelli.it\/?page_id=56","name":"Supporto alla leadership e al management - Coaching, formazione, consulenza","isPartOf":{"@id":"https:\/\/andreacatelli.it\/#website"},"datePublished":"2023-02-01T10:30:36+00:00","dateModified":"2026-03-11T09:13:30+00:00","breadcrumb":{"@id":"https:\/\/andreacatelli.it\/?page_id=56#breadcrumb"},"inLanguage":"it-IT","potentialAction":[{"@type":"ReadAction","target":["https:\/\/andreacatelli.it\/?page_id=56"]}]},{"@type":"BreadcrumbList","@id":"https:\/\/andreacatelli.it\/?page_id=56#breadcrumb","itemListElement":[{"@type":"ListItem","position":1,"name":"Home","item":"https:\/\/andreacatelli.it\/"},{"@type":"ListItem","position":2,"name":"Supporto alla leadership e al management"}]},{"@type":"WebSite","@id":"https:\/\/andreacatelli.it\/#website","url":"https:\/\/andreacatelli.it\/","name":"Coaching, formazione, consulenza","description":"Sviluppa il tuo talento e le potenzialit\u00e0 della tua organizzazione","potentialAction":[{"@type":"SearchAction","target":{"@type":"EntryPoint","urlTemplate":"https:\/\/andreacatelli.it\/?s={search_term_string}"},"query-input":"required name=search_term_string"}],"inLanguage":"it-IT"}]}},"_links":{"self":[{"href":"https:\/\/andreacatelli.it\/index.php?rest_route=\/wp\/v2\/pages\/56","targetHints":{"allow":["GET"]}}],"collection":[{"href":"https:\/\/andreacatelli.it\/index.php?rest_route=\/wp\/v2\/pages"}],"about":[{"href":"https:\/\/andreacatelli.it\/index.php?rest_route=\/wp\/v2\/types\/page"}],"author":[{"embeddable":true,"href":"https:\/\/andreacatelli.it\/index.php?rest_route=\/wp\/v2\/users\/1"}],"replies":[{"embeddable":true,"href":"https:\/\/andreacatelli.it\/index.php?rest_route=%2Fwp%2Fv2%2Fcomments&post=56"}],"version-history":[{"count":9,"href":"https:\/\/andreacatelli.it\/index.php?rest_route=\/wp\/v2\/pages\/56\/revisions"}],"predecessor-version":[{"id":280,"href":"https:\/\/andreacatelli.it\/index.php?rest_route=\/wp\/v2\/pages\/56\/revisions\/280"}],"wp:attachment":[{"href":"https:\/\/andreacatelli.it\/index.php?rest_route=%2Fwp%2Fv2%2Fmedia&parent=56"}],"curies":[{"name":"wp","href":"https:\/\/api.w.org\/{rel}","templated":true}]}}